{"id":571,"date":"2012-08-26T13:59:57","date_gmt":"2012-08-26T11:59:57","guid":{"rendered":"http:\/\/www.ludus-naturae.com\/orehovo-olje\/"},"modified":"2018-03-26T23:11:14","modified_gmt":"2018-03-26T21:11:14","slug":"walnussoel","status":"publish","type":"page","link":"http:\/\/www.ludus-naturae.com\/de\/walnussoel\/","title":{"rendered":"WALNUSS\u00d6L"},"content":{"rendered":"<div  class=\"one-half\"><img decoding=\"async\" class=\"imgWithBorder\"  src=\"http:\/\/www.ludus-naturae.com\/file\/2012\/10\/orehovo-olje.jpg\" style=\"max-width:90%; height:auto;\" alt=\"\" \/><\/div>\n<div  class=\"one-half last-column\">Das Walnuss\u00f6l wird durch die Kaltpressung von Waln\u00fcssen hergestellt. Es hat eine goldbraune Farbe und einen milden Geschmack mit einem angenehmen Walnussaroma.<\/p>\n<p><p>Durch Kaltpressung werden alle wichtigen Bestandteile von Waln\u00fcssen bewahrt, so sind sie wertvolle Quelle von Antioxidantien und unges\u00e4ttigten Fetts\u00e4uren, besonders Omega 3-Fetts\u00e4uren.<\/p><\/p>\n<p><p><\/p><\/p>\n<p><p>Das Walnuss\u00f6l ist reich an Vitaminen A, C und E und enth\u00e4lt folgende Mineralien: Ca, S, P, Cl, Na, K, Mg, Fe, Cu, Mn, und Zn.<\/p><p style=\"  color:#fde7c0; \" >Deswegen lautet unser Leitsatz: Waln\u00fcsse sind gut f\u00fcr Herz und Hirn!<\/p><\/p>\n<p><ul class=\"list list-arrow\" style=\"list-style-image: url(http:\/\/www.ludus-naturae.com\/file\/2012\/10\/li-custom-image.png);\">\n<li><a href=\"#\">100% walnuss\u00f6l <\/a><\/li><br \/>\n<li><a href=\"#\">250ml flasche <\/a><\/li><br \/>\n<li><a href=\"#\">dunkle flasche <\/a><\/li><br \/>\n<\/ul><\/div><div class=\"clear\"><\/div>\n<p>Durch das heutige Lebenstempo ist man zu hohem Stress ausgesetzt. Eine \u00fcbertriebene biologische Reaktion auf Stress verursacht ein h\u00f6heres Risiko auf Herzerkrankungen. Das Walnuss\u00f6l senkt den Blutdruck, den Blutzucker- und den Cholesterinspiegel. Es sch\u00fctzt die Zellen, hat positive Auswirkungen sowohl auf die k\u00f6rperlichen wie auch auf die geistigen F\u00e4higkeiten, hilft Fett zu verbrennen und ist gut bei problematischer Haut  \u2013 es regt die Regeneration der Haut an.<\/p>\n<p><p>Das Walnuss\u00f6l wird sowohl f\u00fcr die Kosmetik (dermale Anwendung) wie auch f\u00fcr die K\u00fcche verwendet. Mit unraffiniertem \u00d6l kann man schon vorbereitete Gerichte w\u00fcrzen oder abschm\u00e4lzen. Es ist aber nicht zum Braten oder Frittieren geeignet, da mit der W\u00e4rmebehandlung wichtige Antioxidantien und Vitamine im \u00d6l zerst\u00f6rt werden.<p><\/p><\/p>\n<p><ul class=\"list list-arrow\" style=\"list-style-image: url(http:\/\/www.ludus-naturae.com\/file\/2012\/10\/li-custom-image.png);\">\n<li><a href=\"#\">DAS WALNUSS\u00d6L SOLLTE MAN AN EINEM KALTEN UND DUNKLEN ORT AUFBEWAHREN. ES IST 12 MONATE HALTBAR.<\/a><\/li><br \/>\n<li><a href=\"#\">WIR EMPFEHLEN IHNEN, NACHDEM SIE DIE FLASCHE GE\u00d6FFNET HABEN, DAS \u00d6L SCHNELL ZU VERBRAUCHEN.<\/a><\/li><br \/>\n<\/ul><br \/>\n<p><\/p><\/p><br \/>\n<p><\/p><\/p>\n","protected":false},"excerpt":{"rendered":"","protected":false},"author":1,"featured_media":0,"parent":0,"menu_order":4,"comment_status":"open","ping_status":"closed","template":"","meta":{"footnotes":""},"_links":{"self":[{"href":"http:\/\/www.ludus-naturae.com\/de\/wp-json\/wp\/v2\/pages\/571"}],"collection":[{"href":"http:\/\/www.ludus-naturae.com\/de\/wp-json\/wp\/v2\/pages"}],"about":[{"href":"http:\/\/www.ludus-naturae.com\/de\/wp-json\/wp\/v2\/types\/page"}],"author":[{"embeddable":true,"href":"http:\/\/www.ludus-naturae.com\/de\/wp-json\/wp\/v2\/users\/1"}],"replies":[{"embeddable":true,"href":"http:\/\/www.ludus-naturae.com\/de\/wp-json\/wp\/v2\/comments?post=571"}],"version-history":[{"count":1,"href":"http:\/\/www.ludus-naturae.com\/de\/wp-json\/wp\/v2\/pages\/571\/revisions"}],"predecessor-version":[{"id":572,"href":"http:\/\/www.ludus-naturae.com\/de\/wp-json\/wp\/v2\/pages\/571\/revisions\/572"}],"wp:attachment":[{"href":"http:\/\/www.ludus-naturae.com\/de\/wp-json\/wp\/v2\/media?parent=571"}],"curies":[{"name":"wp","href":"https:\/\/api.w.org\/{rel}","templated":true}]}}