{"id":538,"date":"2012-08-26T13:59:57","date_gmt":"2012-08-26T11:59:57","guid":{"rendered":"http:\/\/www.ludus-naturae.com\/orehovo-olje\/"},"modified":"2018-03-26T21:26:23","modified_gmt":"2018-03-26T19:26:23","slug":"lhuile-de-noix","status":"publish","type":"page","link":"http:\/\/www.ludus-naturae.com\/fr\/lhuile-de-noix\/","title":{"rendered":"L&rsquo;HUILE DE NOIX"},"content":{"rendered":"<div  class=\"one-half\"><img decoding=\"async\" class=\"imgWithBorder\"  src=\"http:\/\/www.ludus-naturae.com\/file\/2012\/10\/orehovo-olje.jpg\" style=\"max-width:90%; height:auto;\" alt=\"\" \/><\/div>\n<div  class=\"one-half last-column\">L&rsquo;huile de noix est obtenue de la pression \u00e0 froid de noix s\u00e9lectionn\u00e9es. Apr\u00e8s le pressage, elle prend une couleur brune-dor\u00e9e au go\u00fbt doux et agr\u00e9able odeur de noix.<\/p>\n<p><p>La m\u00e9thode de pressage \u00e0 froid permet de conserver les \u00e9l\u00e9ments nutritifs essentiels ainsi l&rsquo;huile est riche en antioxydants, acides sains de gras essentiels om\u00e9ga-3.<\/p><\/p>\n<p><p><\/p><\/p>\n<p><p>En plus, elle est une grande source de vitamines, notamment A, C et E ainsi que de divers min\u00e9raux tels que Ca, S, P, Cl, Na, K, Mg, Fe, Cu, Mn et Zn.<\/p><p style=\"  color:#fde7c0; \" >Par cons\u00e9quent, notre slogan est le suivant: Les amandes de noix sont  bonnes pour la sant\u00e9 puisque elles ont des diff\u00e9rents effets  b\u00e9n\u00e9fiques sur la sant\u00e9 du c\u0153ur et du cerveau.<\/p><\/p>\n<p><ul class=\"list list-arrow\" style=\"list-style-image: url(http:\/\/www.ludus-naturae.com\/file\/2012\/10\/li-custom-image.png);\">\n<li><a href=\"#\">100% l&rsquo;huile de noix <\/a><\/li><br \/>\n<li><a href=\"#\">dans la bouteille de 100 ml <\/a><\/li><br \/>\n<li><a href=\"#\">Bouteille sombre <\/a><\/li><br \/>\n<\/ul><\/div><div class=\"clear\"><\/div>\n<p>Le rythme rapide de la vie moderne am\u00e8ne souvent au stress. Une r\u00e9ponse hormonale excessive au stress augmente le risque de maladies cardio-vasculaires. Alors cette huile joue un r\u00f4le essentiel sur le plan di\u00e9t\u00e9tique r\u00e9duisant la pression art\u00e9rielle, abaissant le taux de sucre dans le sang (glyc\u00e9mie) et le mauvais cholest\u00e9rol. Cette huile se caract\u00e9rise par le renouvellement cellulaire, elle am\u00e9liore la motivation mentale ainsi que l&rsquo;endurance physique, augment m\u00e9tabolisme et aide \u00e0 br\u00fbler la graisse non d\u00e9sir\u00e9e, \u00e9galement elle traite les probl\u00e8mes de peau car elle acc\u00e9l\u00e8re la r\u00e9g\u00e9n\u00e9ration cellulaire.<\/p>\n<p><p>L&rsquo;huile de noix peut \u00eatre utilis\u00e9e dans la cosm\u00e9tique (usage dermique) et dans la cuisine bien \u00e9videmment. L&rsquo;huile non raffin\u00e9e est id\u00e9al pour assaisonner de nombreux plats. Par contre, il est d\u00e9conseill\u00e9 de l&rsquo;utiliser pour la cuisson ou friture car elle ne supporte pas les hautes temp\u00e9ratures.<p><\/p><\/p>\n<p><ul class=\"list list-arrow\" style=\"list-style-image: url(http:\/\/www.ludus-naturae.com\/file\/2012\/10\/li-custom-image.png);\">\n<li><a href=\"#\">Conservez votre huile de noix \u00e0 l&rsquo;abri de la lumi\u00e8re et dans un endroit frais. Rok uporabe ima 12 mesecev. <\/a><\/li><br \/>\n<li><a href=\"#\">Il est recommand\u00e9 de consommer l&rsquo;huile rapidement apr\u00e8s l&rsquo;ouverture. <\/a><\/li><br \/>\n<\/ul><br \/>\n<p><\/p><\/p><br \/>\n<p><\/p><\/p>\n","protected":false},"excerpt":{"rendered":"","protected":false},"author":1,"featured_media":0,"parent":0,"menu_order":4,"comment_status":"open","ping_status":"closed","template":"","meta":{"footnotes":""},"_links":{"self":[{"href":"http:\/\/www.ludus-naturae.com\/fr\/wp-json\/wp\/v2\/pages\/538"}],"collection":[{"href":"http:\/\/www.ludus-naturae.com\/fr\/wp-json\/wp\/v2\/pages"}],"about":[{"href":"http:\/\/www.ludus-naturae.com\/fr\/wp-json\/wp\/v2\/types\/page"}],"author":[{"embeddable":true,"href":"http:\/\/www.ludus-naturae.com\/fr\/wp-json\/wp\/v2\/users\/1"}],"replies":[{"embeddable":true,"href":"http:\/\/www.ludus-naturae.com\/fr\/wp-json\/wp\/v2\/comments?post=538"}],"version-history":[{"count":1,"href":"http:\/\/www.ludus-naturae.com\/fr\/wp-json\/wp\/v2\/pages\/538\/revisions"}],"predecessor-version":[{"id":539,"href":"http:\/\/www.ludus-naturae.com\/fr\/wp-json\/wp\/v2\/pages\/538\/revisions\/539"}],"wp:attachment":[{"href":"http:\/\/www.ludus-naturae.com\/fr\/wp-json\/wp\/v2\/media?parent=538"}],"curies":[{"name":"wp","href":"https:\/\/api.w.org\/{rel}","templated":true}]}}