{"id":543,"date":"2012-08-26T15:01:55","date_gmt":"2012-08-26T13:01:55","guid":{"rendered":"http:\/\/www.ludus-naturae.com\/dobrote-slomskove-ponikve\/"},"modified":"2018-03-26T21:31:16","modified_gmt":"2018-03-26T19:31:16","slug":"les-delices-de-slomsek-de-ponikva","status":"publish","type":"page","link":"http:\/\/www.ludus-naturae.com\/fr\/les-delices-de-slomsek-de-ponikva\/","title":{"rendered":"LES D\u00c9LICES DE SLOM\u0160EK DE PONIKVA"},"content":{"rendered":"<div  class=\"one-half\"> \u00c0 Slom pri Ponikvi, un village Slov\u00e8ne, Anton Martin Slom\u0161ek est n\u00e9 le 26 novembre 1800. Il \u00e9tait un po\u00e8te, \u00e9crivain, \u00e9ducateur et grand patriote. Beaucoup de ses po\u00e8mes et fables sont encore conserv\u00e9s. \u00c0 travers ses \u0153uvres, Slom\u0161ek voulait mettre en \u00e9vidence la v\u00e9rit\u00e9 en la d\u00e9crivant d&rsquo;une mani\u00e8re int\u00e9ressante et dans l&rsquo;intention d&rsquo;\u00e9duquer, encourager et r\u00e9jouir.<br \/>\n<p> <\/p><br \/>\n<p>\u00ab\u00a0J&rsquo;ach\u00e8terai une petite colline\u00a0\u00bb (En hrib\u010dek bom kupil) est une de ses po\u00e8mes populaires. <\/p> <\/div>\n<div  class=\"one-half last-column\"> <img decoding=\"async\" class=\"imgWithBorder\"  src=\"http:\/\/www.ludus-naturae.com\/file\/2012\/10\/anton-martin-slomsek.jpg\" style=\"max-width:90%; height:auto;\" alt=\"\" \/> <\/div><div class=\"clear\"><\/div>\n<p>&nbsp;<\/p>\n<h2>LIGNE DE PRODUITS EXCLUSIFS.<\/h2>\n<div  class=\"one-half\"> <img decoding=\"async\" class=\"imgWithBorder\"  src=\"http:\/\/www.ludus-naturae.com\/file\/2012\/10\/dobrote-slomskove-ponikve-darilni-set-I.jpg\" style=\"max-width:90%; height:auto;\" alt=\"\" \/> <\/div>\n<div  class=\"one-half last-column\"> <h3>Coffret cadeau &#8211; I<\/h3> <\/div><div class=\"clear\"><\/div>\n<p><div  class=\"one-half\"> <img decoding=\"async\" class=\"imgWithBorder\"  src=\"http:\/\/www.ludus-naturae.com\/file\/2012\/10\/dobrote-slomskove-ponikve-darilni-set-II.jpg\" style=\"max-width:90%; height:auto;\" alt=\"\" \/> <\/div><br \/>\n<div  class=\"one-half last-column\"> <h3>Coffret cadeau &#8211; II<\/h3> <\/div><div class=\"clear\"><\/div><\/p>\n<img decoding=\"async\" class=\"imgWithBorder\"  src=\"http:\/\/www.ludus-naturae.com\/file\/2012\/10\/dobrote-slomskove-ponikve.png\" style=\"max-width:90%; height:auto;\" alt=\"\" \/>\n","protected":false},"excerpt":{"rendered":"<p>&nbsp;<\/p>\n","protected":false},"author":1,"featured_media":0,"parent":0,"menu_order":6,"comment_status":"open","ping_status":"closed","template":"","meta":{"footnotes":""},"_links":{"self":[{"href":"http:\/\/www.ludus-naturae.com\/fr\/wp-json\/wp\/v2\/pages\/543"}],"collection":[{"href":"http:\/\/www.ludus-naturae.com\/fr\/wp-json\/wp\/v2\/pages"}],"about":[{"href":"http:\/\/www.ludus-naturae.com\/fr\/wp-json\/wp\/v2\/types\/page"}],"author":[{"embeddable":true,"href":"http:\/\/www.ludus-naturae.com\/fr\/wp-json\/wp\/v2\/users\/1"}],"replies":[{"embeddable":true,"href":"http:\/\/www.ludus-naturae.com\/fr\/wp-json\/wp\/v2\/comments?post=543"}],"version-history":[{"count":1,"href":"http:\/\/www.ludus-naturae.com\/fr\/wp-json\/wp\/v2\/pages\/543\/revisions"}],"predecessor-version":[{"id":544,"href":"http:\/\/www.ludus-naturae.com\/fr\/wp-json\/wp\/v2\/pages\/543\/revisions\/544"}],"wp:attachment":[{"href":"http:\/\/www.ludus-naturae.com\/fr\/wp-json\/wp\/v2\/media?parent=543"}],"curies":[{"name":"wp","href":"https:\/\/api.w.org\/{rel}","templated":true}]}}