{"id":594,"date":"2012-08-26T13:59:57","date_gmt":"2012-08-26T11:59:57","guid":{"rendered":"http:\/\/www.ludus-naturae.com\/orehovo-olje\/"},"modified":"2018-03-26T23:34:35","modified_gmt":"2018-03-26T21:34:35","slug":"olio-di-noce","status":"publish","type":"page","link":"http:\/\/www.ludus-naturae.com\/it\/olio-di-noce\/","title":{"rendered":"OLIO DI NOCE"},"content":{"rendered":"<div  class=\"one-half\"><img decoding=\"async\" class=\"imgWithBorder\"  src=\"http:\/\/www.ludus-naturae.com\/file\/2012\/10\/orehovo-olje.jpg\" style=\"max-width:90%; height:auto;\" alt=\"\" \/><\/div>\n<div  class=\"one-half last-column\">L\u2019olio di noce \u00e8 ottenuto per spremitura a freddo dei gherigli. \u00c8 di colore marrone dorato, sapore dolce e aroma gradevole delle noci.<\/p>\n<p><p>Con la spremitura a freddo si conservano tutti gli ingredienti importanti, perci\u00f2 l\u2019olio \u00e8 anche una ricca fonte di antiossidanti e acidi grassi polinsaturi, specialmente quelli del gruppo omega-tre.<\/p><\/p>\n<p><p><\/p><\/p>\n<p><p>\u00c8 anche ricco di vitamine A, C, E, e si pu\u00f2 anche ritracciare vari minerali: Ca, S, P, Cl, Na, K, Mg, Fe, Cu, Mn, in Zn.<\/p><p style=\"  color:#fde7c0; \" >Per questo il nostro motto \u00e8: Il consumo di gherigli di noce \u00e8 sano, perch\u00e9 rafforza il cuore e migliora la mente!<\/p><\/p>\n<p><ul class=\"list list-arrow\" style=\"list-style-image: url(http:\/\/www.ludus-naturae.com\/file\/2012\/10\/li-custom-image.png);\">\n<li><a href=\"#\">100% OLIO DI NOCE <\/a><\/li><br \/>\n<li><a href=\"#\">IN FLACONE DI 250 ML <\/a><\/li><br \/>\n<li><a href=\"#\">BOTTIGLIA DI VETRO SCURO <\/a><\/li><br \/>\n<\/ul><\/div><div class=\"clear\"><\/div>\n<p>Con il ritmo della vita di oggi siamo molto esposti allo stress. Un\u2019esagerata risposta biologica allo stress aumenta il rischio di malattie cardiovascolari. Con l\u2019olio di noce si abbassa la pressione arteriosa, la glicemia e il colesterolo. Mantiene le cellule, aumenta le capacit\u00e0 fisiche e mentali, aiuta a bruciare i grassi e nei problemi della pelle \u2013 favorisce la rigenerazione della pelle.<\/p>\n<p><p>\u00c8 adatto per prodotti cosmetici (applicazione cutanea) e per cucina. L\u2019olio non raffinato \u00e8 adeguato per condimento e per condire con grasso i cibi gi\u00e0 preparati. Non \u00e8 adatto invece per la cottura o la frittura, perch\u00e9 mediante cottura si distruggono vitamine e antiossidanti nell\u2019olio.<p><\/p><\/p>\n<p><ul class=\"list list-arrow\" style=\"list-style-image: url(http:\/\/www.ludus-naturae.com\/file\/2012\/10\/li-custom-image.png);\">\n<li><a href=\"#\">DEVE ESSERE CONSERVATO IN LUOGO FRESCO E AL BUIO. IL PERIODO DI VALIDIT\u00c0 \u00c8 DI 12 MESI. <\/a><\/li><br \/>\n<li><a href=\"#\">QUANDO SI APRE IL FLACONE DI OLIO, SI CONSIGLIA DI CONSUMARLO VELOCEMENTE. <\/a><\/li><br \/>\n<\/ul><br \/>\n<p><\/p><\/p><br \/>\n<p><\/p><\/p>\n","protected":false},"excerpt":{"rendered":"","protected":false},"author":1,"featured_media":0,"parent":0,"menu_order":4,"comment_status":"open","ping_status":"closed","template":"","meta":{"footnotes":""},"_links":{"self":[{"href":"http:\/\/www.ludus-naturae.com\/it\/wp-json\/wp\/v2\/pages\/594"}],"collection":[{"href":"http:\/\/www.ludus-naturae.com\/it\/wp-json\/wp\/v2\/pages"}],"about":[{"href":"http:\/\/www.ludus-naturae.com\/it\/wp-json\/wp\/v2\/types\/page"}],"author":[{"embeddable":true,"href":"http:\/\/www.ludus-naturae.com\/it\/wp-json\/wp\/v2\/users\/1"}],"replies":[{"embeddable":true,"href":"http:\/\/www.ludus-naturae.com\/it\/wp-json\/wp\/v2\/comments?post=594"}],"version-history":[{"count":1,"href":"http:\/\/www.ludus-naturae.com\/it\/wp-json\/wp\/v2\/pages\/594\/revisions"}],"predecessor-version":[{"id":595,"href":"http:\/\/www.ludus-naturae.com\/it\/wp-json\/wp\/v2\/pages\/594\/revisions\/595"}],"wp:attachment":[{"href":"http:\/\/www.ludus-naturae.com\/it\/wp-json\/wp\/v2\/media?parent=594"}],"curies":[{"name":"wp","href":"https:\/\/api.w.org\/{rel}","templated":true}]}}