{"id":536,"date":"2012-08-26T14:11:37","date_gmt":"2012-08-26T12:11:37","guid":{"rendered":"http:\/\/www.ludus-naturae.com\/cokoladni-izdelki\/"},"modified":"2018-03-26T21:23:52","modified_gmt":"2018-03-26T19:23:52","slug":"les-produits-au-chocolat","status":"publish","type":"page","link":"https:\/\/www.ludus-naturae.com\/fr\/les-produits-au-chocolat\/","title":{"rendered":"LES PRODUITS AU CHOCOLAT"},"content":{"rendered":"<div  class=\"one-half\">Les ingr\u00e9dients principaux de nos produits sont les noix s\u00e8ches issues de l&rsquo;agriculture biologique en combinaison avec du chocolat blanc ou noir.<br \/>\n<p><\/p><br \/>\n<\/div>\n<div  class=\"one-half last-column\"><h3>\u010cOKOLADNE PRALINE Z TEMNO ALI BELO \u010cOKOLADO<\/h3> <img decoding=\"async\" class=\"imgWithBorder\"  src=\"http:\/\/www.ludus-naturae.com\/file\/2012\/10\/cokoladne-praline-z-temno-ali-belo-cokolado.jpg\" style=\"max-width:90%; height:auto;\" alt=\"\" \/> <\/div><div class=\"clear\"><\/div>\n<div  class=\"one-half\"><h3>PRALINE OREH Z TEMNO ALI BELO \u010cOKOLADO<\/h3> <img decoding=\"async\" class=\"imgWithBorder\"  src=\"http:\/\/www.ludus-naturae.com\/file\/2012\/10\/praline-oreh-z-temno-ali-belo-cokolado.jpg\" style=\"max-width:90%; height:auto;\" alt=\"\" \/><\/div>\n<div  class=\"one-half last-column\"><br \/>\n<p><\/p><p><\/p><br \/>\n<p>Pendant la p\u00e9riode de r\u00e9colte (en automne) les noix sont recueillies tous les jours. Apr\u00e8s la r\u00e9colte, les noix sont soigneusement class\u00e9es. Ensuit, on les met dans le s\u00e9choir. Dans 3 jours quand les amandes de noix sont s\u00e8ches, on les \u00e9cosse manuellement. De cette fa\u00e7on, on obtient des noix de haute qualit\u00e9. Nos noix n&rsquo;ont pas de go\u00fbt amer, bien au contraire, elles ont un go\u00fbt plein et doux. On les utilise pour faire des pralines uniques et de luxe.<\/p> <\/div><div class=\"clear\"><\/div>\n<div  class=\"one-half\"><br \/>\n<p><\/p><p><\/p><br \/>\n<p>Les produits sont toujours frais, sans conservateur alors la date de p\u00e9remption est courte.<\/p><br \/>\n<p>Le chocolat et la noix repr\u00e9sentent une combinaison parfaite donnant un go\u00fbt raffin\u00e9 et f\u00e9erique.<\/p><br \/>\n<\/div>\n<p><div  class=\"one-half last-column\"><br \/>\n<h3>LES AMANDES DE NOIX ENROBEES DE CHOCOLAT BLANC OU NOIR<\/h3> <img decoding=\"async\" class=\"imgWithBorder\"  src=\"http:\/\/www.ludus-naturae.com\/file\/2012\/10\/oblita-orehova-jedrca-s-cokolado-temno-ali-belo.jpg\" style=\"max-width:90%; height:auto;\" alt=\"\" \/><\/div><div class=\"clear\"><\/div><br \/>\n<p><\/p><br \/>\n<p><\/p><br \/>\n<p><\/p><br \/>\n<p><\/p><\/p>\n","protected":false},"excerpt":{"rendered":"","protected":false},"author":1,"featured_media":0,"parent":0,"menu_order":3,"comment_status":"open","ping_status":"closed","template":"","meta":{"footnotes":""},"_links":{"self":[{"href":"https:\/\/www.ludus-naturae.com\/fr\/wp-json\/wp\/v2\/pages\/536"}],"collection":[{"href":"https:\/\/www.ludus-naturae.com\/fr\/wp-json\/wp\/v2\/pages"}],"about":[{"href":"https:\/\/www.ludus-naturae.com\/fr\/wp-json\/wp\/v2\/types\/page"}],"author":[{"embeddable":true,"href":"https:\/\/www.ludus-naturae.com\/fr\/wp-json\/wp\/v2\/users\/1"}],"replies":[{"embeddable":true,"href":"https:\/\/www.ludus-naturae.com\/fr\/wp-json\/wp\/v2\/comments?post=536"}],"version-history":[{"count":1,"href":"https:\/\/www.ludus-naturae.com\/fr\/wp-json\/wp\/v2\/pages\/536\/revisions"}],"predecessor-version":[{"id":537,"href":"https:\/\/www.ludus-naturae.com\/fr\/wp-json\/wp\/v2\/pages\/536\/revisions\/537"}],"wp:attachment":[{"href":"https:\/\/www.ludus-naturae.com\/fr\/wp-json\/wp\/v2\/media?parent=536"}],"curies":[{"name":"wp","href":"https:\/\/api.w.org\/{rel}","templated":true}]}}